{"id":838,"date":"2022-12-11T14:35:18","date_gmt":"2022-12-11T13:35:18","guid":{"rendered":"https:\/\/pratho.com\/?page_id=838"},"modified":"2022-12-21T19:25:27","modified_gmt":"2022-12-21T18:25:27","slug":"lschanfrage","status":"publish","type":"page","link":"https:\/\/thopra.com\/en\/lschanfrage\/","title":{"rendered":"L&ouml;schanfrage"},"content":{"rendered":"<section class=\"section\" id=\"section_2145083539\">\n\t\t<div class=\"bg section-bg fill bg-fill  bg-loaded\" >\n\n\t\t\t\n\t\t\t\n\t\t\t\n\n\t\t<\/div>\n\n\t\t\n\n\t\t<div class=\"section-content relative\">\n\t\t\t\n\n\n  <div class=\"banner has-hover\" id=\"banner-712722777\">\n          <div class=\"banner-inner fill\">\n        <div class=\"banner-bg fill\" >\n            <div class=\"bg fill bg-fill\"><\/div>\n                        <div class=\"overlay\"><\/div>            \n                    <\/div>\n\t\t\n        <div class=\"banner-layers container\">\n            <div class=\"fill banner-link\"><\/div>            \n\n   <div id=\"text-box-854312653\" class=\"text-box banner-layer x5 md-x5 lg-x0 y85 md-y85 lg-y85 res-text\">\n                                <div class=\"text-box-content text dark\">\n              \n              <div class=\"text-inner text-left\">\n                  \n\n<h3 class=\"uppercase\"><strong>REMOVAL REQUEST<\/strong><\/h3>\n<p><span style=\"font-size: 80%;\">____________<\/span><\/p>\n\n              <\/div>\n           <\/div>\n                            \n<style>\n#text-box-854312653 {\n  width: 60%;\n}\n#text-box-854312653 .text-box-content {\n  font-size: 100%;\n}\n<\/style>\n    <\/div>\n \n\n        <\/div>\n      <\/div>\n\n            \n<style>\n#banner-712722777 {\n  padding-top: 261px;\n}\n#banner-712722777 .bg.bg-loaded {\n  background-image: url(https:\/\/thopra.com\/wp-content\/uploads\/2022\/12\/Nerds-bea-AdobeStock_104653693-1024x470.png);\n}\n#banner-712722777 .overlay {\n  background-color: rgba(0, 0, 0, 0.2);\n}\n#banner-712722777 .bg {\n  background-position: 36% 14%;\n}\n@media (min-width:550px) {\n  #banner-712722777 {\n    padding-top: 289px;\n  }\n}\n@media (min-width:850px) {\n  #banner-712722777 {\n    padding-top: 377px;\n  }\n}\n<\/style>\n  <\/div>\n\n\n\t<div id=\"gap-782568459\" class=\"gap-element clearfix\" style=\"display:block; height:auto;\">\n\t\t\n<style>\n#gap-782568459 {\n  padding-top: 20px;\n}\n<\/style>\n\t<\/div>\n\t\n\n\n\t\t<\/div>\n\n\t\t\n<style>\n#section_2145083539 {\n  padding-top: 0px;\n  padding-bottom: 0px;\n}\n<\/style>\n\t<\/section>\n\t\n<div class=\"row\"  id=\"row-1023993904\">\n\n\n\t<div id=\"col-826379488\" class=\"col small-12 large-12\"  >\n\t\t\t\t<div class=\"col-inner\"  >\n\t\t\t\n\t\t\t\n\n<p>Gem\u00e4\u00df Datenschutzgrundverordnung DSGVO haben Sie jederzeit und ohne Angabe von Gr\u00fcnden das Recht, Ihre bei uns \u00fcber Sie gespeicherten Daten l\u00f6schen zu lassen. Bitte nutzen Sie dazu dieses Formular. Nach Ablauf der gesetzlichen Aufbewahrungsfrist werden Ihre Daten restlos gel\u00f6scht. Es erfolgt keine weitere Mitteilung.<\/p>\n<div class=\"is-divider divider clearfix\" ><\/div>\n\n  \r\n                <div class=\"sp-dsgvo sp-unsubsribe-form\">\r\n            <form method=\"post\" action=\"https:\/\/thopra.com\/wp-admin\/admin-ajax.php?action=super-unsubscribe\" >\r\n                <input type=\"hidden\" id=\"_wpnonce\" name=\"_wpnonce\" value=\"716997764c\" \/><input type=\"hidden\" name=\"_wp_http_referer\" value=\"\/en\/wp-json\/wp\/v2\/pages\/838\" \/>                <fieldset>\r\n                    <div class=\"lwb-row\">\r\n                        <div class=\"lwb-col-3\">\r\n                            <label style=\"min-width:100px;\" for=\"email-field\">Vorname<\/label>\r\n                        <\/div>\r\n                        <div class=\"lwb-col-6\">\r\n                            <input class=\"w-100\" required type=\"text\" id=\"first-name-field\" name=\"first_name\" value=\"\" placeholder=\"Vorname\" spellcheck=\"false\" \/>\r\n                        <\/div>\r\n\r\n\r\n                    <\/div>\r\n                    <div class=\"lwb-row\">\r\n                        <div class=\"lwb-col-3\">\r\n                            <label for=\"email-field\">Nachname<\/label>\r\n                        <\/div>\r\n                        <div class=\"lwb-col-6\">\r\n                            <input class=\"w-100\" required type=\"text\" id=\"last-name-field\" name=\"last_name\" value=\"\" placeholder=\"Nachname\" spellcheck=\"false\" \/>\r\n                        <\/div>\r\n                    <\/div>\r\n\r\n\t\t\t\t\t<div class=\"lwb-row\">\r\n                        <div class=\"lwb-col-3\">\r\n                            <label for=\"email-field\">Email<\/label>\r\n                        <\/div>\r\n\t\t\t\t\t\t<div class=\"lwb-col-6\">\r\n                   \t\t\t <input class=\"w-100\" required type=\"email\" id=\"email-field\" name=\"email\" value=\"\" placeholder=\"Email\" spellcheck=\"false\" \/>\r\n\t\t\t\t\t\t<\/div>\r\n                    <\/div>\r\n                    <div class=\"lwb-row form-row-website-cap\">\r\n                        <div class=\"lwb-col-3\">\r\n                            <label for=\"email-field\">Webseite<\/label>\r\n                        <\/div>\r\n                        <div class=\"lwb-col-6\">\r\n                            <input class=\"w-100\" type=\"text\" id=\"website\" name=\"website\" value=\"\" placeholder=\"\" spellcheck=\"false\" \/>\r\n                        <\/div>\r\n                    <\/div>\r\n                    <div class=\"lwb-row\">\r\n\t\t\t\t\t\t<div class=\"lwb-col\">\r\n                    \t\t<label for=\"dsgvo-checkbox\">\r\n                   \t\t\t \t<input required type=\"checkbox\" id=\"dsgvo-checkbox\" name=\"dsgvo_checkbox\" value=\"1\" \/>\r\n                                                   \t\t\t \t<span style=\"font-weight:normal\">Ich stimme der Speicherung der Daten zur Verarbeitung im Sinne der DSGVO zu.<\/span>\r\n                   \t\t\t <\/label>\r\n\t\t\t\t\t\t<\/div>\r\n                    <\/div>\r\n                    <br>\r\n                    <input type=\"submit\" value=\"L\u00f6schanfrage senden\" \/>\r\n                <\/fieldset>\r\n            <\/form>\r\n        <\/div>\r\n            \n\n\t\t<\/div>\n\t\t\t\t\t<\/div>\n\n\t\n\n<\/div>","protected":false},"excerpt":{"rendered":"<p>Wir l\u00f6schen Ihre Daten, auf Wunsch!<\/p>","protected":false},"author":3,"featured_media":0,"parent":0,"menu_order":0,"comment_status":"closed","ping_status":"closed","template":"","meta":{"footnotes":""},"class_list":["post-838","page","type-page","status-publish","hentry"],"aioseo_notices":[],"_links":{"self":[{"href":"https:\/\/thopra.com\/en\/wp-json\/wp\/v2\/pages\/838","targetHints":{"allow":["GET"]}}],"collection":[{"href":"https:\/\/thopra.com\/en\/wp-json\/wp\/v2\/pages"}],"about":[{"href":"https:\/\/thopra.com\/en\/wp-json\/wp\/v2\/types\/page"}],"author":[{"embeddable":true,"href":"https:\/\/thopra.com\/en\/wp-json\/wp\/v2\/users\/3"}],"replies":[{"embeddable":true,"href":"https:\/\/thopra.com\/en\/wp-json\/wp\/v2\/comments?post=838"}],"version-history":[{"count":0,"href":"https:\/\/thopra.com\/en\/wp-json\/wp\/v2\/pages\/838\/revisions"}],"wp:attachment":[{"href":"https:\/\/thopra.com\/en\/wp-json\/wp\/v2\/media?parent=838"}],"curies":[{"name":"wp","href":"https:\/\/api.w.org\/{rel}","templated":true}]}}